{"id":416,"date":"2023-08-30T21:39:54","date_gmt":"2023-08-30T19:39:54","guid":{"rendered":"http:\/\/lapetiteluciole-mf.fr\/?page_id=416"},"modified":"2023-10-09T13:31:00","modified_gmt":"2023-10-09T11:31:00","slug":"mentions-legales","status":"publish","type":"page","link":"https:\/\/lapetiteluciole-mf.fr\/index.php\/mentions-legales\/","title":{"rendered":"Mentions l\u00e9gales"},"content":{"rendered":"\t\t<div data-elementor-type=\"wp-page\" data-elementor-id=\"416\" class=\"elementor elementor-416\">\n\t\t\t\t\t\t<section class=\"elementor-section elementor-top-section elementor-element elementor-element-2a7f152c elementor-section-boxed elementor-section-height-default elementor-section-height-default\" data-id=\"2a7f152c\" data-element_type=\"section\" data-e-type=\"section\">\n\t\t\t\t\t\t<div class=\"elementor-container elementor-column-gap-default\">\n\t\t\t\t\t<div class=\"elementor-column elementor-col-100 elementor-top-column elementor-element elementor-element-378d215\" data-id=\"378d215\" data-element_type=\"column\" data-e-type=\"column\">\n\t\t\t<div class=\"elementor-widget-wrap elementor-element-populated\">\n\t\t\t\t\t\t<div class=\"elementor-element elementor-element-75635a1 elementor-widget elementor-widget-heading\" data-id=\"75635a1\" data-element_type=\"widget\" data-e-type=\"widget\" data-widget_type=\"heading.default\">\n\t\t\t\t<div class=\"elementor-widget-container\">\n\t\t\t\t\t<h2 class=\"elementor-heading-title elementor-size-large\">Mentions l\u00e9gales et Condition g\u00e9n\u00e9rales de ventes: <\/h2>\t\t\t\t<\/div>\n\t\t\t\t<\/div>\n\t\t\t\t<div class=\"elementor-element elementor-element-7b56f54d elementor-widget__width-initial elementor-widget-mobile__width-initial elementor-widget elementor-widget-text-editor\" data-id=\"7b56f54d\" data-element_type=\"widget\" data-e-type=\"widget\" data-widget_type=\"text-editor.default\">\n\t\t\t\t<div class=\"elementor-widget-container\">\n\t\t\t\t\t\t\t\t\t<p><\/p>\n<p><strong>L\u2019\u00e9dition du site lapetiteluciole-mf.fr est assur\u00e9e par Marion Scherer, dont les coordonn\u00e9es sont les suivantes :<\/strong><\/p>\n<p>CREATEUR : Marion Scherer<\/p>\n<p>ADRESSE : \u00a06 rue des bleuets 57320 Tromborn<\/p>\n<p>ACTIVITE : Fabrication de lampe et d\u00e9coration en bois, et de d\u00e9coration en r\u00e9sine \u00e9poxy<\/p>\n<p>SIRET : 95372838300019<\/p>\n<p>Ma boutique est h\u00e9berg\u00e9e sur OVH situ\u00e9 2, rue Kellermann, 59100 Roubaix. Ils me fournissent la plate-forme e-commerce qui me permet de vous vendre mes produits et services.<\/p>\n<p>\u00a0<\/p>\n<p><strong>L\u2019utilisation des cookies :<\/strong><\/p>\n<p>Certaines mentions doivent \u00eatre affich\u00e9es d\u00e8s que l\u2019utilisateur ouvre le site. Elles apparaissent sous la forme d\u2019un bandeau de cookies RGPD ou d\u2019une mini-fen\u00eatre. Un mod\u00e8le est accessible en annexe.<\/p>\n<p>Les pages consacr\u00e9es aux cookies affichent obligatoirement la possibilit\u00e9 d\u2019acc\u00e8s aux param\u00e8tres. Si l\u2019utilisateur accepte les conditions g\u00e9n\u00e9rales d\u2019utilisation web de traceurs, le site peut alors acc\u00e9der aux informations stock\u00e9es dans son terminal et y inscrire des donn\u00e9es qu\u2019il juge n\u00e9cessaires. Les traceurs utilis\u00e9s peuvent \u00eatre strictement n\u00e9cessaires ou soumis au consentement pr\u00e9alable du visiteur.<\/p>\n<p>Les cookies strictement n\u00e9cessaires ne peuvent \u00eatre d\u00e9sactiv\u00e9s \u00e0 travers le site. Le visiteur peut toutefois param\u00e9trer le navigateur pour \u00e9viter d\u2019utiliser ces traceurs. Pour \u00e9viter l\u2019utilisation des cookies, il suffit d\u2019activer la navigation priv\u00e9e ou d\u2019interdire totalement les traceurs.<\/p>\n<p><strong><em>Conditions g\u00e9n\u00e9rales de ventes<\/em><\/strong><\/p>\n<ol>\n<li><strong> Pr\u00e9sentation du site :<\/strong><\/li>\n<\/ol>\n<p>L\u2019\u00e9dition du site lapetiteluciole-mf.fr est assur\u00e9e par Marion Scherer.\u00a0<\/p>\n<p>\u00a0<\/p>\n<ol start=\"2\">\n<li><strong> Conditions g\u00e9n\u00e9rales d\u2019utilisation et des services propos\u00e9s.<\/strong><\/li>\n<\/ol>\n<p>En achetant les cr\u00e9ations sur le site de La petite luciole MF, vous acceptez les pr\u00e9sentes Conditions g\u00e9n\u00e9rales et reconnaissez les avoir lues avant de proc\u00e9der \u00e0 la commande<\/p>\n<p>Si vous n\u2019acceptez pas toutes les Conditions, alors vous ne devez pas acc\u00e9der au site web ni utiliser les services qui y sont propos\u00e9s.<\/p>\n<p>Ce site sera mis \u00e0 jour r\u00e9guli\u00e8rement. Il est donc n\u00e9cessaire d\u2019\u00eatre attentif aux conditions g\u00e9n\u00e9rales de ventes qui peuvent \u00eatre modifi\u00e9es d\u2019une vente \u00e0 une autre.\u00a0<\/p>\n<p>\u00a0<\/p>\n<ol start=\"3\">\n<li><strong> Acc\u00e8s au site et responsabilit\u00e9s<\/strong><\/li>\n<\/ol>\n<p>Le site est accessible gratuitement en tout lieu \u00e0 tout utilisateur ayant au moins 18 ans ou poss\u00e9dant une autorisation parentale pour acc\u00e9der au site lapetiteluciole-mf.fr. Vous ne devez pas transmettre de vers, de virus ou de code de nature destructrice. Une violation ou une violation de l\u2019une des Conditions entra\u00eenera la r\u00e9siliation imm\u00e9diate de vos Services.<\/p>\n<ol start=\"4\">\n<li><strong> Les produits et les prix :<\/strong><\/li>\n<\/ol>\n<p>Les produits propos\u00e9s \u00e0 la vente font partis des produits cr\u00e9es par la petite luciole MF, dans la limite des stocks disponibles. Les prix de nos produits sont sujets \u00e0 changement sans pr\u00e9avis. Les cr\u00e9ations sont souvent disponibles qu\u2019en une seule quantit\u00e9 car chaque cr\u00e9ation est unique et faite main. La petite Luciole\u00a0s\u2019engage cependant \u00e0 faire le r\u00e9assort le plus vite possible. Chaque cr\u00e9ation a une description d\u00e9taill\u00e9e (photos utiles de la cr\u00e9ation, taille, couleurs, d\u00e9faut s\u2019il y en a\u2026). Les photos sur le site internet sont contractuelles. En effet vous recevrez exactement le produit command\u00e9.\u00a0<\/p>\n<p>Les prix sont fix\u00e9s gr\u00e2ce \u00e0 un catalogue de produits. Vous trouverez des prix sous chaque article, ils sont indiqu\u00e9s en EURO \u20ac. Nous nous r\u00e9servons le droit, de limiter les ventes de nos produits ou Services \u00e0 toute personne, r\u00e9gion g\u00e9ographique ou juridiction. Nous nous r\u00e9servons le droit de limiter les quantit\u00e9s de tout produit ou service que nous offrons. Toutes les descriptions de produits ou les prix des produits peuvent \u00eatre modifi\u00e9s \u00e0 tout moment.<\/p>\n<p>Aucun article pourra \u00eatre r\u00e9serv\u00e9, vous aurez seulement la possibilit\u00e9 d\u2019acheter les produits disponibles sur le site\u00a0www.lapetiteluciole-mf.fr<\/p>\n<p>La petite luciole MF\u00a0ne garantis pas que la qualit\u00e9 de tous les produits, services, informations, ou toute autre marchandise que vous avez obtenue ou achet\u00e9e r\u00e9pondra \u00e0 vos attentes, ni que toute erreur dans le Service sera corrig\u00e9e.\u00a0<\/p>\n<p>\u00a0<\/p>\n<ol start=\"5\">\n<li><strong> Propri\u00e9t\u00e9 intellectuelle :<\/strong><\/li>\n<\/ol>\n<p>Les produits, logos, textes et tout autre contenu du site font l\u2019objet d\u2019une protection par le Code de la propri\u00e9t\u00e9 intellectuelle et plus particuli\u00e8rement par le droit d\u2019auteur. Conform\u00e9ment aux dispositions des articles L.335-2 et suivants dudit code, toute exploitation non autoris\u00e9e du site ou d\u2019un quelconque \u00e9l\u00e9ment qu\u2019il contient sera consid\u00e9r\u00e9 comme constitutive d\u2019une contrefa\u00e7on et poursuivie.\u00a0<\/p>\n<p>L\u2019Utilisateur s\u2019engage \u00e0 une utilisation des contenus du site dans un cadre strictement priv\u00e9. Une utilisation des contenus \u00e0 des fins commerciales est strictement interdite.<\/p>\n<p>\u00a0<\/p>\n<ol start=\"6\">\n<li><strong> Exactitude de facturation :<\/strong><br \/>Je me r\u00e9serve le droit de refuser toute commande que vous passez sur le site\u00a0www.lapetiteluciole-mf.fr.<\/li>\n<\/ol>\n<p>Si une commande devait \u00eatre annul\u00e9e\/ modifi\u00e9e pour quelconques raisons, vous serez averti par t\u00e9l\u00e9phone et\/ou e-mail que vous aurez fourni au moment o\u00f9 la commande a \u00e9t\u00e9 pass\u00e9. Elle vous sera ainsi rembours\u00e9e par le moyen de paiement utilis\u00e9 lors de la commande\/ ou modifi\u00e9e en accord avec le vendeur.\u00a0<\/p>\n<p>Nous nous r\u00e9servons le droit de limiter ou d\u2019interdire les commandes qui, \u00e0 notre seul jugement, semblent \u00eatre pass\u00e9es par des concessionnaires, des revendeurs ou des distributeurs.<\/p>\n<p>Vous acceptez de mettre \u00e0 jour rapidement votre compte et d\u2019autres informations, y compris votre adresse e-mail et vos num\u00e9ros de carte de cr\u00e9dit et dates d\u2019expiration afin que nous puissions effectuer vos transactions et vous contacter au besoin.<\/p>\n<p>Pour plus de d\u00e9tails, veuillez consulter notre Politique de Retour.\u00a0<\/p>\n<p>\u00a0<\/p>\n<ol start=\"7\">\n<li><strong> Modalit\u00e9s de paiements :<\/strong><\/li>\n<\/ol>\n<p>Le r\u00e8glement des commandes s\u2019effectue : par carte bancaire ou via l\u2019application PayPal<\/p>\n<p>www.lapetiteluciole-mf.fr\u00a0n\u2019a acc\u00e8s, \u00e0 aucun moment et en aucune sorte, \u00e0 vos donn\u00e9es bancaires.\u00a0<\/p>\n<p>\u00a0<\/p>\n<ol start=\"8\">\n<li><strong> Prise de Contact :<\/strong><\/li>\n<\/ol>\n<p>\u00a0Si vous avez des id\u00e9es de cr\u00e9ations originales, propositions, \u00e9l\u00e9ments, non disponibles sur mon site internet mais \u00e9galement des commandes personnalis\u00e9es, vous pourrez me les faire part par l\u2019e-mail suivant : contact@lapetiteluciole-mf.fr.<br \/>Je pourrais modifier, supprimer les contenus qui me semble offensant, mena\u00e7ant, diffamatoire ou tous propos qui enfreint toute propri\u00e9t\u00e9 intellectuelle.<br \/>Vous vous\u00a0engagez donc \u00e0 \u00e9crire des messages qui ne violent pas les droits de tierces parties. Vous \u00eates enti\u00e8rement responsable de tous les commentaires que vous publiez ainsi que de leur exactitude.\u00a0<\/p>\n<p>\u00a0<\/p>\n<ol start=\"9\">\n<li><strong> La commande :<\/strong><\/li>\n<\/ol>\n<p>Le client a la possibilit\u00e9 sur le site, d\u2019ajouter les articles \u00e0 son panier. Avant de proc\u00e9der au paiement, le client devra v\u00e9rifier le prix, les produits, les informations concernant la livraison. \u00c0 la suite de votre commande, vous recevrez un mail de confirmation du site.<\/p>\n<p>Lorsque vous passez une commande, vous recevez une confirmation de commande \u00e0 l\u2019adresse e-mail que vous avez indiqu\u00e9e lors de la commande, dans laquelle vous retrouverez des informations sur le contenu de la commande, les prix, etc.<\/p>\n<ol start=\"10\">\n<li><strong> Modalit\u00e9s de livraison :<\/strong><\/li>\n<\/ol>\n<p>Les livraisons sont effectu\u00e9es par La poste ou Mondial Relay.<\/p>\n<p>En effet, vous avez la possibilit\u00e9 de choisir la livraison via La Poste Colissimo\/ lettre verte selon le poids des articles command\u00e9s, ou bien, la livraison dans un point relais (via Mondial Relay).\u00a0<\/p>\n<p>Les frais de livraison sont \u00e0 vos charges et d\u00e9pendent du poids de votre colis et du pays de la destination. \u00a0<\/p>\n<p>Les produits seront exp\u00e9di\u00e9s dans les 48h-72h jours, ouvrables. Les d\u00e9lais de livraison sont \u00e0 titres indicatifs, de 4 \u00e0 6 jours pour la livraison par La Poste, 5 \u00e0 7 jours par Mondial Relay.<\/p>\n<p>Si une erreur se trouve dans votre adresse, celui-ci me sera retourn\u00e9. Le colis pouvant arrivait endommager, je ne pourrais pas vous le renvoyez.<\/p>\n<p>\u00a0La Petite Luciole MF ne saurait \u00eatre tenu responsable d\u2019un quelconque dommage caus\u00e9 pendant le transport ou par un quelconque retard ind\u00e9pendant de sa volont\u00e9.<\/p>\n<p>Si vos produits arrivent endommag\u00e9s, il faudra que vous formuliez aupr\u00e8s des services postaux toutes anomalies concernant la livraison. Il faudra \u00e9galement que vous le notifiez \u00e0 l\u2019adresse suivante :\u00a0<a href=\"mailto:contact@lapetiteluciole-mf.fr\">contact@lapetiteluciole-mf.fr<\/a>\u00a0<\/p>\n<p>Si le num\u00e9ro de suivi indique que le colis \u00e0 bel et bien \u00e9t\u00e9 livr\u00e9 ou d\u00e9pos\u00e9 au point de relais choisis, aucun remboursement ou \u00e9change pourra alors \u00eatre fait. \u00a0<\/p>\n<p>\u00a0<\/p>\n<ol start=\"11\">\n<li><strong> Frais de douane :\u00a0<\/strong><\/li>\n<\/ol>\n<p>Une commande effectu\u00e9e sur le site de La petite Luciole MF en dehors de la France pourra \u00eatre soumise \u00e0 des taxes, ces taxes seront \u00e0 vos charges. En commandant, vous prenez conscience des taxes que votre commande pourrait engendr\u00e9e.\u00a0<\/p>\n<p>\u00a0<\/p>\n<ol start=\"12\">\n<li><strong> Droit de r\u00e9tractation du consommateur :<\/strong><\/li>\n<\/ol>\n<p>Pour toute vente \u00e0 distance, le client consommateur dispose d\u2019un d\u00e9lai de 15 jours pour se r\u00e9tracter \u00e0 compter de la r\u00e9ception du bien, conform\u00e9ment aux dispositions des articles L 121 et suivants du Code de la consommation. Le client peut alors retourner sans justifications son colis sous les 15 jours.<\/p>\n<p>Cependant les produits vendus par\u00a0<a href=\"http:\/\/www.lapetiteluciole-mf.fr\/\">www.lapetiteluciole-mf.fr<\/a>\u00a0sont tr\u00e8s fragiles et susceptible de casser, si un client souhaite retourner les articles il faudra les emball\u00e9s comme dans la premi\u00e8re livraison (papiers bulles, cartons, et autres papiers pouvant prot\u00e9ger les colis). Si le colis retourn\u00e9 est mal emball\u00e9 ou non prot\u00e9g\u00e9, et donc que les cr\u00e9ations sont cass\u00e9es, le retour sera \u00e0 votre charge et aucun remboursement ne sera effectu\u00e9. Les produits devront \u00eatre intacts. Chaque retour de vos colis devra m\u2019en \u00eatre inform\u00e9 par l\u2019e-mail suivant :\u00a0<a href=\"mailto:contact@lapetiteluciole-mf.fr\">contact@lapetiteluciole-mf.fr<\/a>\u00a0\u00a0et vous devrez indiquer le motif du retour.\u00a0<\/p>\n<p>Ainsi vous devrez m\u2019indiquer le num\u00e9ro de suivi de votre retour en preuve d\u2019exp\u00e9dition.<\/p>\n<p>Les frais de retour sont \u00e0 la charge de l\u2019utilisateur.<\/p>\n<p>Les produits devront \u00eatre retourn\u00e9s \u00e0 l\u2019adresse suivante :<\/p>\n<p>La Petite Luciole MF\u00a0: Marion Friez Scherer\u00a0\u00a0\u00a0\u00a0\u00a0\u00a0\u00a0\u00a0\u00a0\u00a0\u00a0<\/p>\n<p>6 rue des bleuets<\/p>\n<p>57320 Tromborn<\/p>\n<ol start=\"13\">\n<li><strong> Remboursement :<\/strong><\/li>\n<\/ol>\n<p>Tout colis retourn\u00e9 et endommag\u00e9 ne sera pas rembours\u00e9 s\u2019il \u00e9tait livr\u00e9 en parfait \u00e9tat. Le remboursement doit \u00eatre effectu\u00e9 dans les 14 jours suivant la r\u00e9ception du retour. Le remboursement s\u2019effectuera par le m\u00eame mode de paiement choisi par le client lorsqu\u2019il a effectu\u00e9 sa commande.<\/p>\n<p>\u00a0<\/p>\n<ol start=\"14\">\n<li><strong> Garanties l\u00e9gales de conformit\u00e9 :<\/strong><\/li>\n<\/ol>\n<p>Les produits pr\u00e9sents sur le site\u00a0www.lapetiteluciole-mf.fr sont susceptibles de cass\u00e9s lors de la livraison. Si vos produits arrivent endommag\u00e9s, je formulerais aupr\u00e8s des services postaux toutes anomalies concernant la livraison et que vous m\u2019avez notifi\u00e9 \u00e0 l\u2019adresse suivante :\u00a0<a href=\"mailto:contact@lapetiteluciole-mf.fr\">contact@lapetiteluciole-mf.fr<\/a>\u00a0et cela dans les 2 jours qui suivent la r\u00e9ception du colis. \u00c0 la suite des \u00e9changes avec les services postaux, je ferai alors un remboursement du prix de l\u2019article endommag\u00e9, et\/ou des frais de livraisons si le client n\u2019a achet\u00e9 qu\u2019un article.\u00a0<\/p>\n<p>\u00a0<\/p>\n<p>Cependant, il se peut que des cr\u00e9ations vendues sur mon site\u00a0www.lapetiteluciole-mf.fr, pr\u00e9sentent un ou plusieurs d\u00e9fauts, car c\u2019est du fait mains. Les d\u00e9fauts seront mentionn\u00e9s en description du produit et\/ou pris en photos, s\u2019il est n\u00e9cessaire et d\u00e9rangeant. Dans ce cas, aucun article ne sera rembours\u00e9. Les produits sold\u00e9s sur le site\u00a0www.lapetiteluciole-mf.fr sont des articles ayant des d\u00e9fauts. Je n\u2019accepterai donc aucune demande de remboursement pour un article sold\u00e9 ayant un d\u00e9faut.\u00a0<\/p>\n<p><\/p>\t\t\t\t\t\t\t\t<\/div>\n\t\t\t\t<\/div>\n\t\t\t\t\t<\/div>\n\t\t<\/div>\n\t\t\t\t\t<\/div>\n\t\t<\/section>\n\t\t\t\t<\/div>\n\t\t","protected":false},"excerpt":{"rendered":"<p>Mentions l\u00e9gales et Condition g\u00e9n\u00e9rales de ventes: L\u2019\u00e9dition du site lapetiteluciole-mf.fr est assur\u00e9e par Marion Scherer, dont les coordonn\u00e9es sont les suivantes : CREATEUR : Marion Scherer ADRESSE : \u00a06 rue des bleuets 57320 Tromborn ACTIVITE : Fabrication de lampe et d\u00e9coration en bois, et de d\u00e9coration en r\u00e9sine \u00e9poxy SIRET : 95372838300019 Ma boutique [&hellip;]<\/p>\n","protected":false},"author":2,"featured_media":0,"parent":0,"menu_order":0,"comment_status":"closed","ping_status":"closed","template":"","meta":{"footnotes":""},"class_list":["post-416","page","type-page","status-publish","hentry","entry","owp-thumbs-layout-horizontal","owp-btn-normal","owp-tabs-layout-horizontal","has-no-thumbnails","has-product-nav"],"yoast_head":"<!-- This site is optimized with the Yoast SEO plugin v27.3 - https:\/\/yoast.com\/product\/yoast-seo-wordpress\/ -->\n<title>Mentions l\u00e9gales | La Petite Luciole MF<\/title>\n<meta name=\"description\" content=\"veuillez d\u00e9couvrir les mentions l\u00e9gales et les conditions g\u00e9n\u00e9rales de ventes de ma boutique en ligne\" \/>\n<meta name=\"robots\" content=\"index, follow, max-snippet:-1, max-image-preview:large, max-video-preview:-1\" \/>\n<link rel=\"canonical\" href=\"https:\/\/lapetiteluciole-mf.fr\/index.php\/mentions-legales\/\" \/>\n<meta property=\"og:locale\" content=\"fr_FR\" \/>\n<meta property=\"og:type\" content=\"article\" \/>\n<meta property=\"og:title\" content=\"Mentions l\u00e9gales | La Petite Luciole MF\" \/>\n<meta property=\"og:description\" content=\"veuillez d\u00e9couvrir les mentions l\u00e9gales et les conditions g\u00e9n\u00e9rales de ventes de ma boutique en ligne\" \/>\n<meta property=\"og:url\" content=\"https:\/\/lapetiteluciole-mf.fr\/index.php\/mentions-legales\/\" \/>\n<meta property=\"og:site_name\" content=\"La Petite Luciole MF\" \/>\n<meta property=\"article:modified_time\" content=\"2023-10-09T11:31:00+00:00\" \/>\n<meta name=\"twitter:card\" content=\"summary_large_image\" \/>\n<meta name=\"twitter:label1\" content=\"Dur\u00e9e de lecture estim\u00e9e\" \/>\n\t<meta name=\"twitter:data1\" content=\"9 minutes\" \/>\n<script type=\"application\/ld+json\" class=\"yoast-schema-graph\">{\"@context\":\"https:\\\/\\\/schema.org\",\"@graph\":[{\"@type\":\"WebPage\",\"@id\":\"https:\\\/\\\/lapetiteluciole-mf.fr\\\/index.php\\\/mentions-legales\\\/\",\"url\":\"https:\\\/\\\/lapetiteluciole-mf.fr\\\/index.php\\\/mentions-legales\\\/\",\"name\":\"Mentions l\u00e9gales | La Petite Luciole MF\",\"isPartOf\":{\"@id\":\"https:\\\/\\\/lapetiteluciole-mf.fr\\\/#website\"},\"datePublished\":\"2023-08-30T19:39:54+00:00\",\"dateModified\":\"2023-10-09T11:31:00+00:00\",\"description\":\"veuillez d\u00e9couvrir les mentions l\u00e9gales et les conditions g\u00e9n\u00e9rales de ventes de ma boutique en ligne\",\"breadcrumb\":{\"@id\":\"https:\\\/\\\/lapetiteluciole-mf.fr\\\/index.php\\\/mentions-legales\\\/#breadcrumb\"},\"inLanguage\":\"fr-FR\",\"potentialAction\":[{\"@type\":\"ReadAction\",\"target\":[\"https:\\\/\\\/lapetiteluciole-mf.fr\\\/index.php\\\/mentions-legales\\\/\"]}]},{\"@type\":\"BreadcrumbList\",\"@id\":\"https:\\\/\\\/lapetiteluciole-mf.fr\\\/index.php\\\/mentions-legales\\\/#breadcrumb\",\"itemListElement\":[{\"@type\":\"ListItem\",\"position\":1,\"name\":\"Accueil\",\"item\":\"https:\\\/\\\/lapetiteluciole-mf.fr\\\/\"},{\"@type\":\"ListItem\",\"position\":2,\"name\":\"Mentions l\u00e9gales\"}]},{\"@type\":\"WebSite\",\"@id\":\"https:\\\/\\\/lapetiteluciole-mf.fr\\\/#website\",\"url\":\"https:\\\/\\\/lapetiteluciole-mf.fr\\\/\",\"name\":\"La Petite Luciole MF\",\"description\":\"La cr\u00e9ativit\u00e9 n&#039;a pas de limit\u00e9 sauf celle qu&#039;on se donne\",\"publisher\":{\"@id\":\"https:\\\/\\\/lapetiteluciole-mf.fr\\\/#organization\"},\"potentialAction\":[{\"@type\":\"SearchAction\",\"target\":{\"@type\":\"EntryPoint\",\"urlTemplate\":\"https:\\\/\\\/lapetiteluciole-mf.fr\\\/?s={search_term_string}\"},\"query-input\":{\"@type\":\"PropertyValueSpecification\",\"valueRequired\":true,\"valueName\":\"search_term_string\"}}],\"inLanguage\":\"fr-FR\"},{\"@type\":\"Organization\",\"@id\":\"https:\\\/\\\/lapetiteluciole-mf.fr\\\/#organization\",\"name\":\"La Petite Luciole MF\",\"url\":\"https:\\\/\\\/lapetiteluciole-mf.fr\\\/\",\"logo\":{\"@type\":\"ImageObject\",\"inLanguage\":\"fr-FR\",\"@id\":\"https:\\\/\\\/lapetiteluciole-mf.fr\\\/#\\\/schema\\\/logo\\\/image\\\/\",\"url\":\"https:\\\/\\\/lapetiteluciole-mf.fr\\\/wp-content\\\/uploads\\\/2023\\\/06\\\/cropped-cropped-La-petite-Luciole-02-1-3.png\",\"contentUrl\":\"https:\\\/\\\/lapetiteluciole-mf.fr\\\/wp-content\\\/uploads\\\/2023\\\/06\\\/cropped-cropped-La-petite-Luciole-02-1-3.png\",\"width\":882,\"height\":562,\"caption\":\"La Petite Luciole MF\"},\"image\":{\"@id\":\"https:\\\/\\\/lapetiteluciole-mf.fr\\\/#\\\/schema\\\/logo\\\/image\\\/\"},\"sameAs\":[\"https:\\\/\\\/www.tiktok.com\\\/@lapetiteluciole_mf\",\"https:\\\/\\\/www.instagram.com\\\/lapetiteluciole_mf\\\/\"]}]}<\/script>\n<!-- \/ Yoast SEO plugin. -->","yoast_head_json":{"title":"Mentions l\u00e9gales | La Petite Luciole MF","description":"veuillez d\u00e9couvrir les mentions l\u00e9gales et les conditions g\u00e9n\u00e9rales de ventes de ma boutique en ligne","robots":{"index":"index","follow":"follow","max-snippet":"max-snippet:-1","max-image-preview":"max-image-preview:large","max-video-preview":"max-video-preview:-1"},"canonical":"https:\/\/lapetiteluciole-mf.fr\/index.php\/mentions-legales\/","og_locale":"fr_FR","og_type":"article","og_title":"Mentions l\u00e9gales | La Petite Luciole MF","og_description":"veuillez d\u00e9couvrir les mentions l\u00e9gales et les conditions g\u00e9n\u00e9rales de ventes de ma boutique en ligne","og_url":"https:\/\/lapetiteluciole-mf.fr\/index.php\/mentions-legales\/","og_site_name":"La Petite Luciole MF","article_modified_time":"2023-10-09T11:31:00+00:00","twitter_card":"summary_large_image","twitter_misc":{"Dur\u00e9e de lecture estim\u00e9e":"9 minutes"},"schema":{"@context":"https:\/\/schema.org","@graph":[{"@type":"WebPage","@id":"https:\/\/lapetiteluciole-mf.fr\/index.php\/mentions-legales\/","url":"https:\/\/lapetiteluciole-mf.fr\/index.php\/mentions-legales\/","name":"Mentions l\u00e9gales | La Petite Luciole MF","isPartOf":{"@id":"https:\/\/lapetiteluciole-mf.fr\/#website"},"datePublished":"2023-08-30T19:39:54+00:00","dateModified":"2023-10-09T11:31:00+00:00","description":"veuillez d\u00e9couvrir les mentions l\u00e9gales et les conditions g\u00e9n\u00e9rales de ventes de ma boutique en ligne","breadcrumb":{"@id":"https:\/\/lapetiteluciole-mf.fr\/index.php\/mentions-legales\/#breadcrumb"},"inLanguage":"fr-FR","potentialAction":[{"@type":"ReadAction","target":["https:\/\/lapetiteluciole-mf.fr\/index.php\/mentions-legales\/"]}]},{"@type":"BreadcrumbList","@id":"https:\/\/lapetiteluciole-mf.fr\/index.php\/mentions-legales\/#breadcrumb","itemListElement":[{"@type":"ListItem","position":1,"name":"Accueil","item":"https:\/\/lapetiteluciole-mf.fr\/"},{"@type":"ListItem","position":2,"name":"Mentions l\u00e9gales"}]},{"@type":"WebSite","@id":"https:\/\/lapetiteluciole-mf.fr\/#website","url":"https:\/\/lapetiteluciole-mf.fr\/","name":"La Petite Luciole MF","description":"La cr\u00e9ativit\u00e9 n&#039;a pas de limit\u00e9 sauf celle qu&#039;on se donne","publisher":{"@id":"https:\/\/lapetiteluciole-mf.fr\/#organization"},"potentialAction":[{"@type":"SearchAction","target":{"@type":"EntryPoint","urlTemplate":"https:\/\/lapetiteluciole-mf.fr\/?s={search_term_string}"},"query-input":{"@type":"PropertyValueSpecification","valueRequired":true,"valueName":"search_term_string"}}],"inLanguage":"fr-FR"},{"@type":"Organization","@id":"https:\/\/lapetiteluciole-mf.fr\/#organization","name":"La Petite Luciole MF","url":"https:\/\/lapetiteluciole-mf.fr\/","logo":{"@type":"ImageObject","inLanguage":"fr-FR","@id":"https:\/\/lapetiteluciole-mf.fr\/#\/schema\/logo\/image\/","url":"https:\/\/lapetiteluciole-mf.fr\/wp-content\/uploads\/2023\/06\/cropped-cropped-La-petite-Luciole-02-1-3.png","contentUrl":"https:\/\/lapetiteluciole-mf.fr\/wp-content\/uploads\/2023\/06\/cropped-cropped-La-petite-Luciole-02-1-3.png","width":882,"height":562,"caption":"La Petite Luciole MF"},"image":{"@id":"https:\/\/lapetiteluciole-mf.fr\/#\/schema\/logo\/image\/"},"sameAs":["https:\/\/www.tiktok.com\/@lapetiteluciole_mf","https:\/\/www.instagram.com\/lapetiteluciole_mf\/"]}]}},"_links":{"self":[{"href":"https:\/\/lapetiteluciole-mf.fr\/index.php\/wp-json\/wp\/v2\/pages\/416","targetHints":{"allow":["GET"]}}],"collection":[{"href":"https:\/\/lapetiteluciole-mf.fr\/index.php\/wp-json\/wp\/v2\/pages"}],"about":[{"href":"https:\/\/lapetiteluciole-mf.fr\/index.php\/wp-json\/wp\/v2\/types\/page"}],"author":[{"embeddable":true,"href":"https:\/\/lapetiteluciole-mf.fr\/index.php\/wp-json\/wp\/v2\/users\/2"}],"replies":[{"embeddable":true,"href":"https:\/\/lapetiteluciole-mf.fr\/index.php\/wp-json\/wp\/v2\/comments?post=416"}],"version-history":[{"count":7,"href":"https:\/\/lapetiteluciole-mf.fr\/index.php\/wp-json\/wp\/v2\/pages\/416\/revisions"}],"predecessor-version":[{"id":823,"href":"https:\/\/lapetiteluciole-mf.fr\/index.php\/wp-json\/wp\/v2\/pages\/416\/revisions\/823"}],"wp:attachment":[{"href":"https:\/\/lapetiteluciole-mf.fr\/index.php\/wp-json\/wp\/v2\/media?parent=416"}],"curies":[{"name":"wp","href":"https:\/\/api.w.org\/{rel}","templated":true}]}}