{"id":733,"date":"2023-09-14T16:47:57","date_gmt":"2023-09-14T14:47:57","guid":{"rendered":"https:\/\/lapetiteluciole-mf.fr\/?post_type=product&#038;p=733"},"modified":"2023-11-29T20:42:05","modified_gmt":"2023-11-29T19:42:05","slug":"marque-page-patoune","status":"publish","type":"product","link":"https:\/\/lapetiteluciole-mf.fr\/index.php\/produit\/marque-page-patoune\/","title":{"rendered":"Marque page patoune"},"content":{"rendered":"<p>Fini de plier le coin du livre pour retrouver sa lecture, d\u00e9couvrez mes divers marques pages.<\/p>\n<p>Possibilit\u00e9 de le personnalis\u00e9 avec une phrase ou un pr\u00e9nom, n\u2019h\u00e9sitez pas \u00e0 me contacter.<\/p>\n","protected":false},"excerpt":{"rendered":"<p>Fini de plier le coin du livre pour retrouver sa lecture, d\u00e9couvrez mes divers marques pages. Possibilit\u00e9 de le personnalis\u00e9 avec une phrase ou un pr\u00e9nom, n\u2019h\u00e9sitez pas \u00e0 me contacter.<\/p>\n","protected":false},"featured_media":588,"comment_status":"open","ping_status":"closed","template":"","meta":[],"product_brand":[],"product_cat":[56,45,21],"product_tag":[],"class_list":{"0":"post-733","1":"product","2":"type-product","3":"status-publish","4":"has-post-thumbnail","6":"product_cat-accessoire","7":"product_cat-marque-page-resine-epoxy","8":"product_cat-resine-epoxy","10":"entry","11":"has-media","13":"first","14":"instock","15":"sold-individually","16":"shipping-taxable","17":"purchasable","18":"product-type-variable","19":"has-product-nav","20":"col","21":"span_1_of_4","22":"owp-content-center","23":"owp-thumbs-layout-horizontal","24":"owp-btn-normal","25":"owp-tabs-layout-horizontal"},"yoast_head":"<!-- This site is optimized with the Yoast SEO plugin v27.3 - https:\/\/yoast.com\/product\/yoast-seo-wordpress\/ -->\n<title>Marque page patoune | La Petite Luciole MF<\/title>\n<meta name=\"description\" content=\"Fini de plier le coin du livre pour retrouver sa lecture, d\u00e9couvrez mes divers marques pages. Possibilit\u00e9 de le personnalis\u00e9 avec une phrase ou un pr\u00e9nom.\" \/>\n<meta name=\"robots\" content=\"index, follow, max-snippet:-1, max-image-preview:large, max-video-preview:-1\" \/>\n<link rel=\"canonical\" href=\"https:\/\/lapetiteluciole-mf.fr\/index.php\/produit\/marque-page-patoune\/\" \/>\n<meta property=\"og:locale\" content=\"fr_FR\" \/>\n<meta property=\"og:type\" content=\"article\" \/>\n<meta property=\"og:title\" content=\"Marque page patoune | La Petite Luciole MF\" \/>\n<meta property=\"og:description\" content=\"Fini de plier le coin du livre pour retrouver sa lecture, d\u00e9couvrez mes divers marques pages. Possibilit\u00e9 de le personnalis\u00e9 avec une phrase ou un pr\u00e9nom.\" \/>\n<meta property=\"og:url\" content=\"https:\/\/lapetiteluciole-mf.fr\/index.php\/produit\/marque-page-patoune\/\" \/>\n<meta property=\"og:site_name\" content=\"La Petite Luciole MF\" \/>\n<meta property=\"article:modified_time\" content=\"2023-11-29T19:42:05+00:00\" \/>\n<meta property=\"og:image\" content=\"http:\/\/lapetiteluciole-mf.fr\/wp-content\/uploads\/2023\/07\/PXL_20230831_153521473-scaled.jpg\" \/>\n\t<meta property=\"og:image:width\" content=\"1928\" \/>\n\t<meta property=\"og:image:height\" content=\"2560\" \/>\n\t<meta property=\"og:image:type\" content=\"image\/jpeg\" \/>\n<meta name=\"twitter:card\" content=\"summary_large_image\" \/>\n<meta name=\"twitter:label1\" content=\"Dur\u00e9e de lecture estim\u00e9e\" \/>\n\t<meta name=\"twitter:data1\" content=\"1 minute\" \/>\n<script type=\"application\/ld+json\" class=\"yoast-schema-graph\">{\"@context\":\"https:\\\/\\\/schema.org\",\"@graph\":[{\"@type\":\"WebPage\",\"@id\":\"https:\\\/\\\/lapetiteluciole-mf.fr\\\/index.php\\\/produit\\\/marque-page-patoune\\\/\",\"url\":\"https:\\\/\\\/lapetiteluciole-mf.fr\\\/index.php\\\/produit\\\/marque-page-patoune\\\/\",\"name\":\"Marque page patoune | La Petite Luciole MF\",\"isPartOf\":{\"@id\":\"https:\\\/\\\/lapetiteluciole-mf.fr\\\/#website\"},\"primaryImageOfPage\":{\"@id\":\"https:\\\/\\\/lapetiteluciole-mf.fr\\\/index.php\\\/produit\\\/marque-page-patoune\\\/#primaryimage\"},\"image\":{\"@id\":\"https:\\\/\\\/lapetiteluciole-mf.fr\\\/index.php\\\/produit\\\/marque-page-patoune\\\/#primaryimage\"},\"thumbnailUrl\":\"https:\\\/\\\/lapetiteluciole-mf.fr\\\/wp-content\\\/uploads\\\/2023\\\/07\\\/PXL_20230831_153521473-scaled.jpg\",\"datePublished\":\"2023-09-14T14:47:57+00:00\",\"dateModified\":\"2023-11-29T19:42:05+00:00\",\"description\":\"Fini de plier le coin du livre pour retrouver sa lecture, d\u00e9couvrez mes divers marques pages. Possibilit\u00e9 de le personnalis\u00e9 avec une phrase ou un pr\u00e9nom.\",\"breadcrumb\":{\"@id\":\"https:\\\/\\\/lapetiteluciole-mf.fr\\\/index.php\\\/produit\\\/marque-page-patoune\\\/#breadcrumb\"},\"inLanguage\":\"fr-FR\",\"potentialAction\":[{\"@type\":\"ReadAction\",\"target\":[\"https:\\\/\\\/lapetiteluciole-mf.fr\\\/index.php\\\/produit\\\/marque-page-patoune\\\/\"]}]},{\"@type\":\"ImageObject\",\"inLanguage\":\"fr-FR\",\"@id\":\"https:\\\/\\\/lapetiteluciole-mf.fr\\\/index.php\\\/produit\\\/marque-page-patoune\\\/#primaryimage\",\"url\":\"https:\\\/\\\/lapetiteluciole-mf.fr\\\/wp-content\\\/uploads\\\/2023\\\/07\\\/PXL_20230831_153521473-scaled.jpg\",\"contentUrl\":\"https:\\\/\\\/lapetiteluciole-mf.fr\\\/wp-content\\\/uploads\\\/2023\\\/07\\\/PXL_20230831_153521473-scaled.jpg\",\"width\":1928,\"height\":2560},{\"@type\":\"BreadcrumbList\",\"@id\":\"https:\\\/\\\/lapetiteluciole-mf.fr\\\/index.php\\\/produit\\\/marque-page-patoune\\\/#breadcrumb\",\"itemListElement\":[{\"@type\":\"ListItem\",\"position\":1,\"name\":\"Accueil\",\"item\":\"https:\\\/\\\/lapetiteluciole-mf.fr\\\/\"},{\"@type\":\"ListItem\",\"position\":2,\"name\":\"Products\",\"item\":\"https:\\\/\\\/lapetiteluciole-mf.fr\\\/index.php\\\/boutique\\\/\"},{\"@type\":\"ListItem\",\"position\":3,\"name\":\"Marque page patoune\"}]},{\"@type\":\"WebSite\",\"@id\":\"https:\\\/\\\/lapetiteluciole-mf.fr\\\/#website\",\"url\":\"https:\\\/\\\/lapetiteluciole-mf.fr\\\/\",\"name\":\"La Petite Luciole MF\",\"description\":\"La cr\u00e9ativit\u00e9 n&#039;a pas de limit\u00e9 sauf celle qu&#039;on se donne\",\"publisher\":{\"@id\":\"https:\\\/\\\/lapetiteluciole-mf.fr\\\/#organization\"},\"potentialAction\":[{\"@type\":\"SearchAction\",\"target\":{\"@type\":\"EntryPoint\",\"urlTemplate\":\"https:\\\/\\\/lapetiteluciole-mf.fr\\\/?s={search_term_string}\"},\"query-input\":{\"@type\":\"PropertyValueSpecification\",\"valueRequired\":true,\"valueName\":\"search_term_string\"}}],\"inLanguage\":\"fr-FR\"},{\"@type\":\"Organization\",\"@id\":\"https:\\\/\\\/lapetiteluciole-mf.fr\\\/#organization\",\"name\":\"La Petite Luciole MF\",\"url\":\"https:\\\/\\\/lapetiteluciole-mf.fr\\\/\",\"logo\":{\"@type\":\"ImageObject\",\"inLanguage\":\"fr-FR\",\"@id\":\"https:\\\/\\\/lapetiteluciole-mf.fr\\\/#\\\/schema\\\/logo\\\/image\\\/\",\"url\":\"https:\\\/\\\/lapetiteluciole-mf.fr\\\/wp-content\\\/uploads\\\/2023\\\/06\\\/cropped-cropped-La-petite-Luciole-02-1-3.png\",\"contentUrl\":\"https:\\\/\\\/lapetiteluciole-mf.fr\\\/wp-content\\\/uploads\\\/2023\\\/06\\\/cropped-cropped-La-petite-Luciole-02-1-3.png\",\"width\":882,\"height\":562,\"caption\":\"La Petite Luciole MF\"},\"image\":{\"@id\":\"https:\\\/\\\/lapetiteluciole-mf.fr\\\/#\\\/schema\\\/logo\\\/image\\\/\"},\"sameAs\":[\"https:\\\/\\\/www.tiktok.com\\\/@lapetiteluciole_mf\",\"https:\\\/\\\/www.instagram.com\\\/lapetiteluciole_mf\\\/\"]}]}<\/script>\n<!-- \/ Yoast SEO plugin. -->","yoast_head_json":{"title":"Marque page patoune | La Petite Luciole MF","description":"Fini de plier le coin du livre pour retrouver sa lecture, d\u00e9couvrez mes divers marques pages. Possibilit\u00e9 de le personnalis\u00e9 avec une phrase ou un pr\u00e9nom.","robots":{"index":"index","follow":"follow","max-snippet":"max-snippet:-1","max-image-preview":"max-image-preview:large","max-video-preview":"max-video-preview:-1"},"canonical":"https:\/\/lapetiteluciole-mf.fr\/index.php\/produit\/marque-page-patoune\/","og_locale":"fr_FR","og_type":"article","og_title":"Marque page patoune | La Petite Luciole MF","og_description":"Fini de plier le coin du livre pour retrouver sa lecture, d\u00e9couvrez mes divers marques pages. Possibilit\u00e9 de le personnalis\u00e9 avec une phrase ou un pr\u00e9nom.","og_url":"https:\/\/lapetiteluciole-mf.fr\/index.php\/produit\/marque-page-patoune\/","og_site_name":"La Petite Luciole MF","article_modified_time":"2023-11-29T19:42:05+00:00","og_image":[{"width":1928,"height":2560,"url":"http:\/\/lapetiteluciole-mf.fr\/wp-content\/uploads\/2023\/07\/PXL_20230831_153521473-scaled.jpg","type":"image\/jpeg"}],"twitter_card":"summary_large_image","twitter_misc":{"Dur\u00e9e de lecture estim\u00e9e":"1 minute"},"schema":{"@context":"https:\/\/schema.org","@graph":[{"@type":"WebPage","@id":"https:\/\/lapetiteluciole-mf.fr\/index.php\/produit\/marque-page-patoune\/","url":"https:\/\/lapetiteluciole-mf.fr\/index.php\/produit\/marque-page-patoune\/","name":"Marque page patoune | La Petite Luciole MF","isPartOf":{"@id":"https:\/\/lapetiteluciole-mf.fr\/#website"},"primaryImageOfPage":{"@id":"https:\/\/lapetiteluciole-mf.fr\/index.php\/produit\/marque-page-patoune\/#primaryimage"},"image":{"@id":"https:\/\/lapetiteluciole-mf.fr\/index.php\/produit\/marque-page-patoune\/#primaryimage"},"thumbnailUrl":"https:\/\/lapetiteluciole-mf.fr\/wp-content\/uploads\/2023\/07\/PXL_20230831_153521473-scaled.jpg","datePublished":"2023-09-14T14:47:57+00:00","dateModified":"2023-11-29T19:42:05+00:00","description":"Fini de plier le coin du livre pour retrouver sa lecture, d\u00e9couvrez mes divers marques pages. Possibilit\u00e9 de le personnalis\u00e9 avec une phrase ou un pr\u00e9nom.","breadcrumb":{"@id":"https:\/\/lapetiteluciole-mf.fr\/index.php\/produit\/marque-page-patoune\/#breadcrumb"},"inLanguage":"fr-FR","potentialAction":[{"@type":"ReadAction","target":["https:\/\/lapetiteluciole-mf.fr\/index.php\/produit\/marque-page-patoune\/"]}]},{"@type":"ImageObject","inLanguage":"fr-FR","@id":"https:\/\/lapetiteluciole-mf.fr\/index.php\/produit\/marque-page-patoune\/#primaryimage","url":"https:\/\/lapetiteluciole-mf.fr\/wp-content\/uploads\/2023\/07\/PXL_20230831_153521473-scaled.jpg","contentUrl":"https:\/\/lapetiteluciole-mf.fr\/wp-content\/uploads\/2023\/07\/PXL_20230831_153521473-scaled.jpg","width":1928,"height":2560},{"@type":"BreadcrumbList","@id":"https:\/\/lapetiteluciole-mf.fr\/index.php\/produit\/marque-page-patoune\/#breadcrumb","itemListElement":[{"@type":"ListItem","position":1,"name":"Accueil","item":"https:\/\/lapetiteluciole-mf.fr\/"},{"@type":"ListItem","position":2,"name":"Products","item":"https:\/\/lapetiteluciole-mf.fr\/index.php\/boutique\/"},{"@type":"ListItem","position":3,"name":"Marque page patoune"}]},{"@type":"WebSite","@id":"https:\/\/lapetiteluciole-mf.fr\/#website","url":"https:\/\/lapetiteluciole-mf.fr\/","name":"La Petite Luciole MF","description":"La cr\u00e9ativit\u00e9 n&#039;a pas de limit\u00e9 sauf celle qu&#039;on se donne","publisher":{"@id":"https:\/\/lapetiteluciole-mf.fr\/#organization"},"potentialAction":[{"@type":"SearchAction","target":{"@type":"EntryPoint","urlTemplate":"https:\/\/lapetiteluciole-mf.fr\/?s={search_term_string}"},"query-input":{"@type":"PropertyValueSpecification","valueRequired":true,"valueName":"search_term_string"}}],"inLanguage":"fr-FR"},{"@type":"Organization","@id":"https:\/\/lapetiteluciole-mf.fr\/#organization","name":"La Petite Luciole MF","url":"https:\/\/lapetiteluciole-mf.fr\/","logo":{"@type":"ImageObject","inLanguage":"fr-FR","@id":"https:\/\/lapetiteluciole-mf.fr\/#\/schema\/logo\/image\/","url":"https:\/\/lapetiteluciole-mf.fr\/wp-content\/uploads\/2023\/06\/cropped-cropped-La-petite-Luciole-02-1-3.png","contentUrl":"https:\/\/lapetiteluciole-mf.fr\/wp-content\/uploads\/2023\/06\/cropped-cropped-La-petite-Luciole-02-1-3.png","width":882,"height":562,"caption":"La Petite Luciole MF"},"image":{"@id":"https:\/\/lapetiteluciole-mf.fr\/#\/schema\/logo\/image\/"},"sameAs":["https:\/\/www.tiktok.com\/@lapetiteluciole_mf","https:\/\/www.instagram.com\/lapetiteluciole_mf\/"]}]}},"_links":{"self":[{"href":"https:\/\/lapetiteluciole-mf.fr\/index.php\/wp-json\/wp\/v2\/product\/733","targetHints":{"allow":["GET"]}}],"collection":[{"href":"https:\/\/lapetiteluciole-mf.fr\/index.php\/wp-json\/wp\/v2\/product"}],"about":[{"href":"https:\/\/lapetiteluciole-mf.fr\/index.php\/wp-json\/wp\/v2\/types\/product"}],"replies":[{"embeddable":true,"href":"https:\/\/lapetiteluciole-mf.fr\/index.php\/wp-json\/wp\/v2\/comments?post=733"}],"wp:featuredmedia":[{"embeddable":true,"href":"https:\/\/lapetiteluciole-mf.fr\/index.php\/wp-json\/wp\/v2\/media\/588"}],"wp:attachment":[{"href":"https:\/\/lapetiteluciole-mf.fr\/index.php\/wp-json\/wp\/v2\/media?parent=733"}],"wp:term":[{"taxonomy":"product_brand","embeddable":true,"href":"https:\/\/lapetiteluciole-mf.fr\/index.php\/wp-json\/wp\/v2\/product_brand?post=733"},{"taxonomy":"product_cat","embeddable":true,"href":"https:\/\/lapetiteluciole-mf.fr\/index.php\/wp-json\/wp\/v2\/product_cat?post=733"},{"taxonomy":"product_tag","embeddable":true,"href":"https:\/\/lapetiteluciole-mf.fr\/index.php\/wp-json\/wp\/v2\/product_tag?post=733"}],"curies":[{"name":"wp","href":"https:\/\/api.w.org\/{rel}","templated":true}]}}